{"id":8,"date":"2021-11-23T20:07:21","date_gmt":"2021-11-23T19:07:21","guid":{"rendered":"http:\/\/grainedebanyan.fr\/?page_id=8"},"modified":"2024-07-11T11:16:37","modified_gmt":"2024-07-11T09:16:37","slug":"accueil","status":"publish","type":"page","link":"https:\/\/grainedebanyan.fr\/","title":{"rendered":"Notre raison d&rsquo;\u00eatre"},"content":{"rendered":"\n<div class=\"wp-block-image\"><figure class=\"aligncenter size-large is-resized\"><img loading=\"lazy\" src=\"http:\/\/grainedebanyan.fr\/wp-content\/uploads\/2022\/02\/logo-VERT-RECTANGLE-1024x498.png\" alt=\"\" class=\"wp-image-225\" width=\"293\" height=\"142\" srcset=\"https:\/\/grainedebanyan.fr\/wp-content\/uploads\/2022\/02\/logo-VERT-RECTANGLE-1024x498.png 1024w, https:\/\/grainedebanyan.fr\/wp-content\/uploads\/2022\/02\/logo-VERT-RECTANGLE-300x146.png 300w, https:\/\/grainedebanyan.fr\/wp-content\/uploads\/2022\/02\/logo-VERT-RECTANGLE-768x374.png 768w, https:\/\/grainedebanyan.fr\/wp-content\/uploads\/2022\/02\/logo-VERT-RECTANGLE-1536x747.png 1536w, https:\/\/grainedebanyan.fr\/wp-content\/uploads\/2022\/02\/logo-VERT-RECTANGLE-2048x996.png 2048w\" sizes=\"(max-width: 293px) 100vw, 293px\" \/><\/figure><\/div>\n\n\n\n<p class=\"has-text-align-center\"><strong> un lieu de vie et de ressourcement<\/strong><\/p>\n\n\n\n<p class=\"has-text-align-center\">un \u00ab\u00a0lieu-refuge\u00a0\u00bb propice aux cheminements int\u00e9rieurs<\/p>\n\n\n\n<p class=\"has-text-align-center\"> un lieu o\u00f9 l&rsquo;on prend soin de soi \u00e0 chaque \u00e2ge de la vie<\/p>\n","protected":false},"excerpt":{"rendered":"<p>un lieu de vie et de ressourcement un \u00ab\u00a0lieu-refuge\u00a0\u00bb propice aux cheminements int\u00e9rieurs un lieu o\u00f9 l&rsquo;on prend soin de soi \u00e0 chaque \u00e2ge de la vie<\/p>\n","protected":false},"author":1,"featured_media":0,"parent":0,"menu_order":0,"comment_status":"closed","ping_status":"closed","template":"","meta":[],"_links":{"self":[{"href":"https:\/\/grainedebanyan.fr\/index.php?rest_route=\/wp\/v2\/pages\/8"}],"collection":[{"href":"https:\/\/grainedebanyan.fr\/index.php?rest_route=\/wp\/v2\/pages"}],"about":[{"href":"https:\/\/grainedebanyan.fr\/index.php?rest_route=\/wp\/v2\/types\/page"}],"author":[{"embeddable":true,"href":"https:\/\/grainedebanyan.fr\/index.php?rest_route=\/wp\/v2\/users\/1"}],"replies":[{"embeddable":true,"href":"https:\/\/grainedebanyan.fr\/index.php?rest_route=%2Fwp%2Fv2%2Fcomments&post=8"}],"version-history":[{"count":25,"href":"https:\/\/grainedebanyan.fr\/index.php?rest_route=\/wp\/v2\/pages\/8\/revisions"}],"predecessor-version":[{"id":313,"href":"https:\/\/grainedebanyan.fr\/index.php?rest_route=\/wp\/v2\/pages\/8\/revisions\/313"}],"wp:attachment":[{"href":"https:\/\/grainedebanyan.fr\/index.php?rest_route=%2Fwp%2Fv2%2Fmedia&parent=8"}],"curies":[{"name":"wp","href":"https:\/\/api.w.org\/{rel}","templated":true}]}}